{"id":7281,"date":"2022-08-25T20:52:50","date_gmt":"2022-08-25T20:52:50","guid":{"rendered":"https:\/\/saucal.com\/?page_id=7281"},"modified":"2024-10-17T08:53:01","modified_gmt":"2024-10-17T08:53:01","slug":"exploracion-inicial","status":"publish","type":"page","link":"https:\/\/saucal.com\/es\/exploracion-inicial\/","title":{"rendered":"Exploraci\u00f3n inicial"},"content":{"rendered":"<style>.kb-row-layout-id7281_8a9de0-83 > .kt-row-column-wrap{align-content:start;}:where(.kb-row-layout-id7281_8a9de0-83 > .kt-row-column-wrap) > .wp-block-kadence-column{justify-content:start;}.kb-row-layout-id7281_8a9de0-83 > .kt-row-column-wrap{column-gap:var(--global-kb-gap-md, 2rem);row-gap:var(--global-kb-gap-md, 2rem);max-width:1100px;margin-left:auto;margin-right:auto;padding-top:var(--global-kb-spacing-3xl, 6.5rem);padding-bottom:var(--global-kb-spacing-xxl, 5rem);grid-template-columns:minmax(0, 1fr);}.kb-row-layout-id7281_8a9de0-83 > .kt-row-layout-overlay{opacity:0.30;}@media all and (max-width: 1024px){.kb-row-layout-id7281_8a9de0-83 > .kt-row-column-wrap{grid-template-columns:minmax(0, 1fr);}}@media all and (max-width: 767px){.kb-row-layout-id7281_8a9de0-83 > .kt-row-column-wrap{grid-template-columns:minmax(0, 1fr);}}<\/style><div class=\"kb-row-layout-wrap kb-row-layout-id7281_8a9de0-83 alignnone has-dark-gre-background-color kt-row-has-bg wp-block-kadence-rowlayout\"><div class=\"kt-row-column-wrap kt-has-1-columns kt-row-layout-equal kt-tab-layout-inherit kt-mobile-layout-row kt-row-valign-top\">\n<style>.kadence-column7281_3370cb-77 > .kt-inside-inner-col,.kadence-column7281_3370cb-77 > .kt-inside-inner-col:before{border-top-left-radius:0px;border-top-right-radius:0px;border-bottom-right-radius:0px;border-bottom-left-radius:0px;}.kadence-column7281_3370cb-77 > .kt-inside-inner-col{column-gap:var(--global-kb-gap-sm, 1rem);}.kadence-column7281_3370cb-77 > .kt-inside-inner-col{flex-direction:column;}.kadence-column7281_3370cb-77 > .kt-inside-inner-col > .aligncenter{width:100%;}.kadence-column7281_3370cb-77 > .kt-inside-inner-col:before{opacity:0.3;}.kadence-column7281_3370cb-77{position:relative;}@media all and (max-width: 1024px){.kadence-column7281_3370cb-77 > .kt-inside-inner-col{flex-direction:column;justify-content:center;}}@media all and (max-width: 767px){.kadence-column7281_3370cb-77 > .kt-inside-inner-col{flex-direction:column;justify-content:center;}}<\/style>\n<div class=\"wp-block-kadence-column kadence-column7281_3370cb-77\"><div class=\"kt-inside-inner-col\"><style>.wp-block-kadence-advancedheading.kt-adv-heading7281_9e61f4-a0, .wp-block-kadence-advancedheading.kt-adv-heading7281_9e61f4-a0[data-kb-block=\"kb-adv-heading7281_9e61f4-a0\"]{margin-bottom:0px;font-style:normal;}.wp-block-kadence-advancedheading.kt-adv-heading7281_9e61f4-a0 mark.kt-highlight, .wp-block-kadence-advancedheading.kt-adv-heading7281_9e61f4-a0[data-kb-block=\"kb-adv-heading7281_9e61f4-a0\"] mark.kt-highlight{font-style:normal;color:#f76a0c;-webkit-box-decoration-break:clone;box-decoration-break:clone;padding-top:0px;padding-right:0px;padding-bottom:0px;padding-left:0px;}.wp-block-kadence-advancedheading.kt-adv-heading7281_9e61f4-a0 img.kb-inline-image, .wp-block-kadence-advancedheading.kt-adv-heading7281_9e61f4-a0[data-kb-block=\"kb-adv-heading7281_9e61f4-a0\"] img.kb-inline-image{width:150px;vertical-align:baseline;}@media all and (max-width: 767px){.wp-block-kadence-advancedheading.kt-adv-heading7281_9e61f4-a0, .wp-block-kadence-advancedheading.kt-adv-heading7281_9e61f4-a0[data-kb-block=\"kb-adv-heading7281_9e61f4-a0\"]{margin-bottom:var(--global-kb-spacing-lg, 3rem);}}<\/style>\n<h1 class=\"kt-adv-heading7281_9e61f4-a0 wp-block-kadence-advancedheading has-white-color has-text-color\" data-kb-block=\"kb-adv-heading7281_9e61f4-a0\">Initial Exploration<\/h1>\n\n\n\n<div class=\"wp-block-buttons hero-section__buttons is-content-justification-left is-layout-flex wp-container-core-buttons-is-layout-edac30df wp-block-buttons-is-layout-flex\" style=\"margin-top:2.75rem\">\n<div class=\"wp-block-button has-custom-font-size is-style-primary-button primary-cta has-helvetica-neue-font-family\" style=\"font-size:1.13rem\"><a class=\"wp-block-button__link has-background wp-element-button\" href=\"https:\/\/my.saucal.com\/checkout\/?add-to-cart=5204\" style=\"background-color:#7729ff;padding-top:1.31rem;padding-right:3.13rem;padding-bottom:1.31rem;padding-left:3.13rem\">Sign up to get started<\/a><\/div>\n<\/div>\n<\/div><\/div>\n\n<\/div><\/div>\n\n<style>.kb-row-layout-id7281_20a38a-f9 > .kt-row-column-wrap{align-content:start;}:where(.kb-row-layout-id7281_20a38a-f9 > .kt-row-column-wrap) > .wp-block-kadence-column{justify-content:start;}.kb-row-layout-id7281_20a38a-f9 > .kt-row-column-wrap{column-gap:var(--global-kb-gap-md, 2rem);row-gap:var(--global-kb-gap-md, 2rem);max-width:1100px;margin-left:auto;margin-right:auto;padding-top:var(--global-kb-spacing-lg, 3rem);padding-bottom:var(--global-kb-spacing-xxl, 5rem);grid-template-columns:minmax(0, 1fr);}.kb-row-layout-id7281_20a38a-f9 > .kt-row-layout-overlay{opacity:0.30;}@media all and (max-width: 1024px){.kb-row-layout-id7281_20a38a-f9 > .kt-row-column-wrap{grid-template-columns:minmax(0, 1fr);}}@media all and (max-width: 767px){.kb-row-layout-id7281_20a38a-f9 > .kt-row-column-wrap{grid-template-columns:minmax(0, 1fr);}}<\/style><div class=\"kb-row-layout-wrap kb-row-layout-id7281_20a38a-f9 alignnone wp-block-kadence-rowlayout\"><div class=\"kt-row-column-wrap kt-has-1-columns kt-row-layout-equal kt-tab-layout-inherit kt-mobile-layout-row kt-row-valign-top\">\n<style>.kadence-column7281_13d73f-93 > .kt-inside-inner-col,.kadence-column7281_13d73f-93 > .kt-inside-inner-col:before{border-top-left-radius:0px;border-top-right-radius:0px;border-bottom-right-radius:0px;border-bottom-left-radius:0px;}.kadence-column7281_13d73f-93 > .kt-inside-inner-col{column-gap:var(--global-kb-gap-sm, 1rem);}.kadence-column7281_13d73f-93 > .kt-inside-inner-col{flex-direction:column;}.kadence-column7281_13d73f-93 > .kt-inside-inner-col > .aligncenter{width:100%;}.kadence-column7281_13d73f-93 > .kt-inside-inner-col:before{opacity:0.3;}.kadence-column7281_13d73f-93{position:relative;}@media all and (max-width: 1024px){.kadence-column7281_13d73f-93 > .kt-inside-inner-col{flex-direction:column;justify-content:center;}}@media all and (max-width: 767px){.kadence-column7281_13d73f-93 > .kt-inside-inner-col{flex-direction:column;justify-content:center;}}<\/style>\n<div class=\"wp-block-kadence-column kadence-column7281_13d73f-93\"><div class=\"kt-inside-inner-col\">\n<p class=\"has-medium-font-size\" style=\"margin-bottom:var(--wp--preset--spacing--60)\">We&#8217;ll study your site&#8217;s backend, what plugins you have installed, how your theme was set up, any custom code you might have, and understand how each piece connects to each other. We need to dive deep to come up with a plan that makes sense based on your tech stack and make sure that all the proposed changes will be solid and won&#8217;t break other parts of the site. While on it, sometimes we also find other things that require attention.<\/p>\n\n\n\n<p class=\"has-medium-font-size\" style=\"margin-bottom:var(--wp--preset--spacing--60)\">As you can imagine, this is a very detailed process. So detailed that one of the outcomes is an audit doc breaking down everything we discovered and what are the proposed next steps.<\/p>\n\n\n\n<p class=\"has-medium-font-size\" style=\"margin-bottom:var(--wp--preset--spacing--60)\">After gathering all this knowledge on your site and business, along with the audit we also provide you with an estimate for the next steps (estimate is based on our hourly rate of $199 USD \/ $259 CAD).<\/p>\n\n\n\n<p class=\"has-medium-font-size\" style=\"margin-bottom:var(--wp--preset--spacing--60)\">We&#8217;ll also create an open channel in Slack, where you&#8217;ll have access to our team to ask questions, request work, and even get help in emergency situations (yes, we read emergency messages on Saturday nights).<\/p>\n\n\n\n<p class=\"has-medium-font-size\" style=\"margin-bottom:var(--wp--preset--spacing--60)\">The Initial Exploration has a fixed cost of $3980 USD \/ $5180 CAD.<\/p>\n\n\n\n<div class=\"wp-block-buttons hero-section__buttons is-content-justification-left is-layout-flex wp-container-core-buttons-is-layout-edac30df wp-block-buttons-is-layout-flex\" style=\"margin-top:2.75rem\">\n<div class=\"wp-block-button has-custom-font-size is-style-primary-button primary-cta has-helvetica-neue-font-family\" style=\"font-size:1.13rem\"><a class=\"wp-block-button__link has-background wp-element-button\" href=\"https:\/\/my.saucal.com\/checkout\/?add-to-cart=5204\" style=\"background-color:#7729ff;padding-top:1.31rem;padding-right:3.13rem;padding-bottom:1.31rem;padding-left:3.13rem\">Sign up to get started<\/a><\/div>\n<\/div>\n\n\n\n<div style=\"height:50px\" aria-hidden=\"true\" class=\"wp-block-spacer\"><\/div>\n<\/div><\/div>\n\n<\/div><\/div>","protected":false},"excerpt":{"rendered":"<p>Initial Exploration We&#8217;ll study your site&#8217;s backend, what plugins you have installed, how your theme was set up, any custom code you might have, and understand how each piece connects to each other. We need to dive deep to come up with a plan that makes sense based on your tech stack and make sure [&hellip;]<\/p>\n","protected":false},"author":29,"featured_media":0,"parent":0,"menu_order":0,"comment_status":"closed","ping_status":"closed","template":"","meta":{"_acf_changed":false,"content-type":"","footnotes":""},"class_list":["post-7281","page","type-page","status-publish","hentry"],"acf":[],"yoast_head":"<!-- This site is optimized with the Yoast SEO Premium plugin v21.6 (Yoast SEO v27.4) - https:\/\/yoast.com\/product\/yoast-seo-premium-wordpress\/ -->\n<title>Initial Exploration - Saucal<\/title>\n<meta name=\"description\" content=\"Let&#039;s explore the next steps together and create a solid plan of action crafted exclusively for your business.\" \/>\n<meta name=\"robots\" content=\"index, follow, max-snippet:-1, max-image-preview:large, max-video-preview:-1\" \/>\n<link rel=\"canonical\" href=\"https:\/\/saucal.com\/es\/exploracion-inicial\/\" \/>\n<meta property=\"og:locale\" content=\"es_ES\" \/>\n<meta property=\"og:type\" content=\"article\" \/>\n<meta property=\"og:title\" content=\"Initial Exploration\" \/>\n<meta property=\"og:description\" content=\"Let&#039;s explore the next steps together and create a solid plan of action crafted exclusively for your business.\" \/>\n<meta property=\"og:url\" content=\"https:\/\/saucal.com\/es\/exploracion-inicial\/\" \/>\n<meta property=\"og:site_name\" content=\"Saucal\" \/>\n<meta property=\"article:publisher\" content=\"https:\/\/www.facebook.com\/Saucal\/\" \/>\n<meta property=\"article:modified_time\" content=\"2024-10-17T08:53:01+00:00\" \/>\n<meta property=\"og:image\" content=\"https:\/\/saucal.com\/wp-content\/uploads\/sites\/2\/2024\/10\/Page-promo-image-HP.png?fit=1200%2C630\" \/>\n\t<meta property=\"og:image:width\" content=\"1200\" \/>\n\t<meta property=\"og:image:height\" content=\"630\" \/>\n\t<meta property=\"og:image:type\" content=\"image\/png\" \/>\n<meta name=\"twitter:card\" content=\"summary_large_image\" \/>\n<meta name=\"twitter:site\" content=\"@Saucal\" \/>\n<meta name=\"twitter:label1\" content=\"Est. reading time\" \/>\n\t<meta name=\"twitter:data1\" content=\"1 minute\" \/>\n<script type=\"application\/ld+json\" class=\"yoast-schema-graph\">{\"@context\":\"https:\\\/\\\/schema.org\",\"@graph\":[{\"@type\":\"WebPage\",\"@id\":\"https:\\\/\\\/saucal.com\\\/initial-exploration\\\/\",\"url\":\"https:\\\/\\\/saucal.com\\\/initial-exploration\\\/\",\"name\":\"Initial Exploration - Saucal\",\"isPartOf\":{\"@id\":\"https:\\\/\\\/saucal.com\\\/#website\"},\"datePublished\":\"2022-08-25T20:52:50+00:00\",\"dateModified\":\"2024-10-17T08:53:01+00:00\",\"description\":\"Let's explore the next steps together and create a solid plan of action crafted exclusively for your business.\",\"breadcrumb\":{\"@id\":\"https:\\\/\\\/saucal.com\\\/initial-exploration\\\/#breadcrumb\"},\"inLanguage\":\"es-ES\",\"potentialAction\":[{\"@type\":\"ReadAction\",\"target\":[\"https:\\\/\\\/saucal.com\\\/initial-exploration\\\/\"]}]},{\"@type\":\"BreadcrumbList\",\"@id\":\"https:\\\/\\\/saucal.com\\\/initial-exploration\\\/#breadcrumb\",\"itemListElement\":[{\"@type\":\"ListItem\",\"position\":1,\"name\":\"Home\",\"item\":\"https:\\\/\\\/saucal.com\\\/\"},{\"@type\":\"ListItem\",\"position\":2,\"name\":\"Initial Exploration\"}]},{\"@type\":\"WebSite\",\"@id\":\"https:\\\/\\\/saucal.com\\\/#website\",\"url\":\"https:\\\/\\\/saucal.com\\\/\",\"name\":\"Saucal\",\"description\":\"Your eCommerce Architechs\",\"publisher\":{\"@id\":\"https:\\\/\\\/saucal.com\\\/#organization\"},\"potentialAction\":[{\"@type\":\"SearchAction\",\"target\":{\"@type\":\"EntryPoint\",\"urlTemplate\":\"https:\\\/\\\/saucal.com\\\/?s={search_term_string}\"},\"query-input\":{\"@type\":\"PropertyValueSpecification\",\"valueRequired\":true,\"valueName\":\"search_term_string\"}}],\"inLanguage\":\"es-ES\"},{\"@type\":\"Organization\",\"@id\":\"https:\\\/\\\/saucal.com\\\/#organization\",\"name\":\"Saucal\",\"url\":\"https:\\\/\\\/saucal.com\\\/\",\"logo\":{\"@type\":\"ImageObject\",\"inLanguage\":\"es-ES\",\"@id\":\"https:\\\/\\\/saucal.com\\\/#\\\/schema\\\/logo\\\/image\\\/\",\"url\":\"https:\\\/\\\/saucal.com\\\/wp-content\\\/uploads\\\/sites\\\/2\\\/2024\\\/10\\\/saucal-logo.svg\",\"contentUrl\":\"https:\\\/\\\/saucal.com\\\/wp-content\\\/uploads\\\/sites\\\/2\\\/2024\\\/10\\\/saucal-logo.svg\",\"width\":75,\"height\":75,\"caption\":\"Saucal\"},\"image\":{\"@id\":\"https:\\\/\\\/saucal.com\\\/#\\\/schema\\\/logo\\\/image\\\/\"},\"sameAs\":[\"https:\\\/\\\/www.facebook.com\\\/Saucal\\\/\",\"https:\\\/\\\/x.com\\\/Saucal\",\"https:\\\/\\\/www.linkedin.com\\\/company\\\/1984234\\\/\",\"https:\\\/\\\/www.instagram.com\\\/saucal\\\/\"]}]}<\/script>\n<!-- \/ Yoast SEO Premium plugin. -->","yoast_head_json":{"title":"Exploraci\u00f3n inicial - Saucal","description":"Exploremos juntos los siguientes pasos y creemos un s\u00f3lido plan de acci\u00f3n dise\u00f1ado exclusivamente para su empresa.","robots":{"index":"index","follow":"follow","max-snippet":"max-snippet:-1","max-image-preview":"max-image-preview:large","max-video-preview":"max-video-preview:-1"},"canonical":"https:\/\/saucal.com\/es\/exploracion-inicial\/","og_locale":"es_ES","og_type":"article","og_title":"Initial Exploration","og_description":"Let's explore the next steps together and create a solid plan of action crafted exclusively for your business.","og_url":"https:\/\/saucal.com\/es\/exploracion-inicial\/","og_site_name":"Saucal","article_publisher":"https:\/\/www.facebook.com\/Saucal\/","article_modified_time":"2024-10-17T08:53:01+00:00","og_image":[{"width":1200,"height":630,"url":"https:\/\/saucal.com\/wp-content\/uploads\/sites\/2\/2024\/10\/Page-promo-image-HP.png?fit=1200%2C630","type":"image\/png"}],"twitter_card":"summary_large_image","twitter_site":"@Saucal","twitter_misc":{"Est. reading time":"1 minute"},"schema":{"@context":"https:\/\/schema.org","@graph":[{"@type":"WebPage","@id":"https:\/\/saucal.com\/initial-exploration\/","url":"https:\/\/saucal.com\/initial-exploration\/","name":"Exploraci\u00f3n inicial - Saucal","isPartOf":{"@id":"https:\/\/saucal.com\/#website"},"datePublished":"2022-08-25T20:52:50+00:00","dateModified":"2024-10-17T08:53:01+00:00","description":"Exploremos juntos los siguientes pasos y creemos un s\u00f3lido plan de acci\u00f3n dise\u00f1ado exclusivamente para su empresa.","breadcrumb":{"@id":"https:\/\/saucal.com\/initial-exploration\/#breadcrumb"},"inLanguage":"es-ES","potentialAction":[{"@type":"ReadAction","target":["https:\/\/saucal.com\/initial-exploration\/"]}]},{"@type":"BreadcrumbList","@id":"https:\/\/saucal.com\/initial-exploration\/#breadcrumb","itemListElement":[{"@type":"ListItem","position":1,"name":"Home","item":"https:\/\/saucal.com\/"},{"@type":"ListItem","position":2,"name":"Initial Exploration"}]},{"@type":"WebSite","@id":"https:\/\/saucal.com\/#website","url":"https:\/\/saucal.com\/","name":"Saucal","description":"Sus arquitectos de comercio electr\u00f3nico","publisher":{"@id":"https:\/\/saucal.com\/#organization"},"potentialAction":[{"@type":"SearchAction","target":{"@type":"EntryPoint","urlTemplate":"https:\/\/saucal.com\/?s={search_term_string}"},"query-input":{"@type":"PropertyValueSpecification","valueRequired":true,"valueName":"search_term_string"}}],"inLanguage":"es-ES"},{"@type":"Organization","@id":"https:\/\/saucal.com\/#organization","name":"Saucal","url":"https:\/\/saucal.com\/","logo":{"@type":"ImageObject","inLanguage":"es-ES","@id":"https:\/\/saucal.com\/#\/schema\/logo\/image\/","url":"https:\/\/saucal.com\/wp-content\/uploads\/sites\/2\/2024\/10\/saucal-logo.svg","contentUrl":"https:\/\/saucal.com\/wp-content\/uploads\/sites\/2\/2024\/10\/saucal-logo.svg","width":75,"height":75,"caption":"Saucal"},"image":{"@id":"https:\/\/saucal.com\/#\/schema\/logo\/image\/"},"sameAs":["https:\/\/www.facebook.com\/Saucal\/","https:\/\/x.com\/Saucal","https:\/\/www.linkedin.com\/company\/1984234\/","https:\/\/www.instagram.com\/saucal\/"]}]}},"get_sub_heading":"","get_post_reading_time":"\t\t<div id=\"reading_7281\" class=\"post-reading-time\">\n\t\t\t<p class=\"post-reading-time__text\">2 Min Read<\/p>\n\t\t<\/div>\n\t\t","jetpack_sharing_enabled":true,"_links":{"self":[{"href":"https:\/\/saucal.com\/es\/wp-json\/wp\/v2\/pages\/7281","targetHints":{"allow":["GET"]}}],"collection":[{"href":"https:\/\/saucal.com\/es\/wp-json\/wp\/v2\/pages"}],"about":[{"href":"https:\/\/saucal.com\/es\/wp-json\/wp\/v2\/types\/page"}],"author":[{"embeddable":true,"href":"https:\/\/saucal.com\/es\/wp-json\/wp\/v2\/users\/29"}],"replies":[{"embeddable":true,"href":"https:\/\/saucal.com\/es\/wp-json\/wp\/v2\/comments?post=7281"}],"version-history":[{"count":33,"href":"https:\/\/saucal.com\/es\/wp-json\/wp\/v2\/pages\/7281\/revisions"}],"predecessor-version":[{"id":23929,"href":"https:\/\/saucal.com\/es\/wp-json\/wp\/v2\/pages\/7281\/revisions\/23929"}],"wp:attachment":[{"href":"https:\/\/saucal.com\/es\/wp-json\/wp\/v2\/media?parent=7281"}],"curies":[{"name":"wp","href":"https:\/\/api.w.org\/{rel}","templated":true}]}}