{"id":6283,"date":"2021-07-06T14:03:54","date_gmt":"2021-07-06T14:03:54","guid":{"rendered":"https:\/\/saucal.com\/?page_id=6283"},"modified":"2024-10-17T08:59:43","modified_gmt":"2024-10-17T08:59:43","slug":"descargar-la-guia-de-migracion-de-sitios-web","status":"publish","type":"page","link":"https:\/\/saucal.com\/es\/descargar-la-guia-de-migracion-de-sitios-web\/","title":{"rendered":"Gracias - descargue la Gu\u00eda de migraci\u00f3n de sitios web"},"content":{"rendered":"<div class=\"wp-block-group has-dark-gre-background-color has-background is-layout-constrained wp-container-core-group-is-layout-358603a1 wp-block-group-is-layout-constrained\" style=\"margin-top:0px;margin-bottom:0px;padding-top:0px;padding-right:0px;padding-bottom:0px;padding-left:0px\"><style>.kb-row-layout-wrap.wp-block-kadence-rowlayout.kb-row-layout-id6283_ed3d97-a0{margin-top:0px;margin-bottom:0px;}.kb-row-layout-id6283_ed3d97-a0 > .kt-row-column-wrap{align-content:center;}:where(.kb-row-layout-id6283_ed3d97-a0 > .kt-row-column-wrap) > .wp-block-kadence-column{justify-content:center;}.kb-row-layout-id6283_ed3d97-a0 > .kt-row-column-wrap{column-gap:4.8rem;row-gap:1.5rem;padding-top:7.3rem;padding-right:0rem;padding-bottom:6.9rem;padding-left:0rem;grid-template-columns:minmax(0, calc(60% - ((4.8rem * 1 )\/2)))minmax(0, calc(40% - ((4.8rem * 1 )\/2)));}.kb-row-layout-id6283_ed3d97-a0 > .kt-row-layout-overlay{opacity:0.30;}@media all and (max-width: 1024px){.kb-row-layout-id6283_ed3d97-a0 > .kt-row-column-wrap{padding-top:3rem;padding-bottom:3rem;grid-template-columns:minmax(0, 1fr) minmax(0, 2fr);}}@media all and (max-width: 767px){.kb-row-layout-id6283_ed3d97-a0 > .kt-row-column-wrap{padding-top:2.5rem;padding-bottom:2.5rem;grid-template-columns:minmax(0, 1fr);}}<\/style><div class=\"kb-row-layout-wrap kb-row-layout-id6283_ed3d97-a0 alignnone container wp-block-kadence-rowlayout\"><div class=\"kt-row-column-wrap kt-has-2-columns kt-row-layout-right-golden kt-tab-layout-inherit kt-mobile-layout-row kt-row-valign-middle\">\n<style>.kadence-column6283_621a08-4d > .kt-inside-inner-col{padding-top:0rem;padding-right:5rem;padding-bottom:0rem;padding-left:0rem;}.kadence-column6283_621a08-4d > .kt-inside-inner-col,.kadence-column6283_621a08-4d > .kt-inside-inner-col:before{border-top-left-radius:0px;border-top-right-radius:0px;border-bottom-right-radius:0px;border-bottom-left-radius:0px;}.kadence-column6283_621a08-4d > .kt-inside-inner-col{column-gap:var(--global-kb-gap-sm, 1rem);}.kadence-column6283_621a08-4d > .kt-inside-inner-col{flex-direction:column;}.kadence-column6283_621a08-4d > .kt-inside-inner-col > .aligncenter{width:100%;}.kadence-column6283_621a08-4d > .kt-inside-inner-col:before{opacity:0.3;}.kadence-column6283_621a08-4d{position:relative;}.kadence-column6283_621a08-4d, .kt-inside-inner-col > .kadence-column6283_621a08-4d:not(.specificity){margin-top:0px;margin-right:0px;margin-bottom:0px;margin-left:0px;}@media all and (max-width: 1024px){.kadence-column6283_621a08-4d > .kt-inside-inner-col{padding-right:1rem;flex-direction:column;justify-content:center;}}@media all and (max-width: 767px){.kadence-column6283_621a08-4d > .kt-inside-inner-col{flex-direction:column;justify-content:center;}}<\/style>\n<div class=\"wp-block-kadence-column kadence-column6283_621a08-4d\"><div class=\"kt-inside-inner-col\">\n<h1 class=\"wp-block-heading has-white-color has-text-color has-link-color wp-elements-d33f58da5042992c8459204553f4e980\" id=\"h-thanks-for-filling-out-the-form\">Gracias por <mark style=\"background-color:rgba(0, 0, 0, 0)\" class=\"has-inline-color has-tea-green-color\">rellenando el formulario.<\/mark><\/h1>\n<\/div><\/div>\n\n\n<style>.kadence-column6283_af5cae-77 > .kt-inside-inner-col,.kadence-column6283_af5cae-77 > .kt-inside-inner-col:before{border-top-left-radius:0px;border-top-right-radius:0px;border-bottom-right-radius:0px;border-bottom-left-radius:0px;}.kadence-column6283_af5cae-77 > .kt-inside-inner-col{column-gap:var(--global-kb-gap-sm, 1rem);}.kadence-column6283_af5cae-77 > .kt-inside-inner-col{flex-direction:column;}.kadence-column6283_af5cae-77 > .kt-inside-inner-col > .aligncenter{width:100%;}.kadence-column6283_af5cae-77 > .kt-inside-inner-col:before{opacity:0.3;}.kadence-column6283_af5cae-77{position:relative;}@media all and (max-width: 1024px){.kadence-column6283_af5cae-77 > .kt-inside-inner-col{flex-direction:column;justify-content:center;}}@media all and (max-width: 767px){.kadence-column6283_af5cae-77 > .kt-inside-inner-col{flex-direction:column;justify-content:center;}}<\/style>\n<div class=\"wp-block-kadence-column kadence-column6283_af5cae-77\"><div class=\"kt-inside-inner-col\">\n<p class=\"has-white-color has-text-color has-link-color has-inter-font-family has-large-font-size wp-elements-0ffb2e33415283f88e8155c3358f92db\" style=\"font-style:normal;font-weight:300;line-height:1.5\"><strong>Puede descargar nuestro <a href=\"https:\/\/saucal.com\/wp-content\/uploads\/sites\/2\/2020\/02\/SAUCAL-How-to-Migrate-Your-Site.pdf\">Lista de comprobaci\u00f3n gratuita para el Black Friday<\/a>.<\/strong><\/p>\n<\/div><\/div>\n\n<\/div><\/div><\/div>\n\n\n<style>.kb-row-layout-wrap.wp-block-kadence-rowlayout.kb-row-layout-id6283_06a34c-82{margin-top:0px;margin-bottom:0px;}.kb-row-layout-id6283_06a34c-82 > .kt-row-column-wrap{align-content:start;}:where(.kb-row-layout-id6283_06a34c-82 > .kt-row-column-wrap) > .wp-block-kadence-column{justify-content:start;}.kb-row-layout-id6283_06a34c-82 > .kt-row-column-wrap{column-gap:var(--global-kb-gap-md, 2rem);row-gap:var(--global-kb-gap-md, 2rem);padding-top:4.3rem;padding-bottom:9.4rem;grid-template-columns:minmax(0, 1fr);}.kb-row-layout-id6283_06a34c-82 > .kt-row-layout-overlay{opacity:0.30;}@media all and (max-width: 1024px){.kb-row-layout-id6283_06a34c-82 > .kt-row-column-wrap{padding-top:4rem;padding-right:0rem;padding-bottom:4rem;padding-left:0rem;grid-template-columns:minmax(0, 1fr);}}@media all and (max-width: 767px){.kb-row-layout-id6283_06a34c-82 > .kt-row-column-wrap{padding-top:3rem;padding-right:0rem;padding-bottom:4rem;padding-left:0rem;grid-template-columns:minmax(0, 1fr);}}<\/style><div class=\"kb-row-layout-wrap kb-row-layout-id6283_06a34c-82 alignnone container real-world-section wp-block-kadence-rowlayout\"><div class=\"kt-row-column-wrap kt-has-1-columns kt-row-layout-equal kt-tab-layout-inherit kt-mobile-layout-row kt-row-valign-top\">\n<style>.kadence-column6283_e1fcdf-83 > .kt-inside-inner-col,.kadence-column6283_e1fcdf-83 > .kt-inside-inner-col:before{border-top-left-radius:0px;border-top-right-radius:0px;border-bottom-right-radius:0px;border-bottom-left-radius:0px;}.kadence-column6283_e1fcdf-83 > .kt-inside-inner-col{column-gap:var(--global-kb-gap-sm, 1rem);}.kadence-column6283_e1fcdf-83 > .kt-inside-inner-col{flex-direction:column;}.kadence-column6283_e1fcdf-83 > .kt-inside-inner-col > .aligncenter{width:100%;}.kadence-column6283_e1fcdf-83 > .kt-inside-inner-col:before{opacity:0.3;}.kadence-column6283_e1fcdf-83{position:relative;}@media all and (max-width: 1024px){.kadence-column6283_e1fcdf-83 > .kt-inside-inner-col{flex-direction:column;justify-content:center;}}@media all and (max-width: 767px){.kadence-column6283_e1fcdf-83 > .kt-inside-inner-col{flex-direction:column;justify-content:center;}}<\/style>\n<div class=\"wp-block-kadence-column kadence-column6283_e1fcdf-83\"><div class=\"kt-inside-inner-col\">\n<div class=\"wp-block-group is-content-justification-center is-layout-constrained wp-container-core-group-is-layout-25eaacdc wp-block-group-is-layout-constrained\">\n<p class=\"has-text-align-center real-world-section__title has-inter-font-family has-medium-font-size\" style=\"margin-top:0px;margin-right:0px;margin-bottom:0px;margin-left:0px;padding-top:0px;padding-right:0px;padding-bottom:1rem;padding-left:0px;font-style:normal;font-weight:300;line-height:1.5\">\u00bfPor qu\u00e9 no echa tambi\u00e9n un vistazo a los casos pr\u00e1cticos de nuestros clientes?<\/p>\n\n\n\n<p class=\"has-text-align-center real-world-section__title has-inter-font-family has-medium-font-size\" style=\"margin-top:0px;margin-right:0px;margin-bottom:0px;margin-left:0px;padding-top:0px;padding-right:0px;padding-bottom:3.75rem;padding-left:0px;font-style:normal;font-weight:300;line-height:1.5\"><strong>Es donde nuestro trabajo habla por nosotros.<\/strong><\/p>\n<\/div>\n\n\n\n<div class=\"wp-block-query real-word-win is-layout-flow wp-block-query-is-layout-flow\"><ul class=\"columns-3 wp-block-post-template is-layout-grid wp-container-core-post-template-is-layout-42cbe8f0 wp-block-post-template-is-layout-grid\"><li class=\"wp-block-post post-24413 case-study type-case-study status-publish has-post-thumbnail hentry industry-type-woocommerce business-type-e-commerce service-type-woocommerce-development service-type-woocommerce-experts\">\n<figure style=\"aspect-ratio:auto; padding-top:0px;padding-bottom:0px;padding-left:0px;padding-right:0px;margin-top:0px;margin-bottom:0px;margin-left:0px;margin-right:0px;\" class=\"wp-block-post-featured-image\"><img data-recalc-dims=\"1\" loading=\"lazy\" decoding=\"async\" width=\"815\" height=\"483\" src=\"https:\/\/saucal.com\/wp-content\/uploads\/sites\/2\/2025\/03\/AmazonPay-min.png?resize=815%2C483\" class=\"attachment-post-thumbnail size-post-thumbnail wp-post-image\" alt=\"Amazon Pay\" style=\"width:100%;height:100%;object-fit:cover;\" srcset=\"https:\/\/saucal.com\/wp-content\/uploads\/sites\/2\/2025\/03\/AmazonPay-min.png?w=815 815w, https:\/\/saucal.com\/wp-content\/uploads\/sites\/2\/2025\/03\/AmazonPay-min.png?w=300 300w, https:\/\/saucal.com\/wp-content\/uploads\/sites\/2\/2025\/03\/AmazonPay-min.png?w=768 768w, https:\/\/saucal.com\/wp-content\/uploads\/sites\/2\/2025\/03\/AmazonPay-min.png?w=18 18w\" sizes=\"auto, (max-width: 815px) 100vw, 815px\" \/><\/figure>\n\n\n<div class=\"wp-block-columns real-word-win__hover has-mercury-background-color has-background is-layout-flex wp-container-core-columns-is-layout-d8458155 wp-block-columns-is-layout-flex\" style=\"margin-top:0px;margin-bottom:0px;padding-top:0rem;padding-right:0rem;padding-bottom:0rem;padding-left:0rem\">\n<div class=\"wp-block-column real-word-win__inner-content is-layout-flow wp-container-core-column-is-layout-c79ff389 wp-block-column-is-layout-flow\" style=\"padding-top:1.75rem;padding-right:1.38rem;padding-bottom:0rem;padding-left:1.38rem\"><div style=\"font-style:normal;font-weight:300;line-height:1.5;\" class=\"wp-block-post-excerpt has-article-title-light-font-size has-inter-font-family\"><p class=\"wp-block-post-excerpt__excerpt\">How we enhanced the Amazon Pay plugin for WooCommerce, ensuring&hellip; <\/p><\/div>\n\n\n<div class=\"wp-block-group is-nowrap is-layout-flex wp-container-core-group-is-layout-f43fd0e4 wp-block-group-is-layout-flex\" style=\"margin-top:3.63rem;margin-bottom:0px;padding-top:0px;padding-right:0px;padding-bottom:1.25rem;padding-left:0px\"><a style=\"font-size:1rem;font-style:normal;font-weight:600;line-height:1.3;text-decoration:none;\" class=\"read-more read-more-icon wp-elements-e10992579d353cc053a947421b8fa7ef wp-block-read-more has-text-color has-black-color has-inter-font-family\" href=\"https:\/\/saucal.com\/es\/caso-de-estudio\/amazon-pay\/\" target=\"_self\">Seguir leyendo<span class=\"screen-reader-text\">: Amazon Pay<\/span><\/a><\/div>\n<\/div>\n<\/div>\n\n<\/li><li class=\"wp-block-post post-24176 case-study type-case-study status-publish has-post-thumbnail hentry industry-type-finance business-type-e-commerce service-type-woocommerce-development service-type-woocommerce-experts\">\n<figure style=\"aspect-ratio:auto; padding-top:0px;padding-bottom:0px;padding-left:0px;padding-right:0px;margin-top:0px;margin-bottom:0px;margin-left:0px;margin-right:0px;\" class=\"wp-block-post-featured-image\"><img data-recalc-dims=\"1\" loading=\"lazy\" decoding=\"async\" width=\"815\" height=\"483\" src=\"https:\/\/saucal.com\/wp-content\/uploads\/sites\/2\/2024\/12\/ICG-Bullion-min.png?resize=815%2C483\" class=\"attachment-post-thumbnail size-post-thumbnail wp-post-image\" alt=\"ICG Bullion\" style=\"width:100%;height:100%;object-fit:cover;\" srcset=\"https:\/\/saucal.com\/wp-content\/uploads\/sites\/2\/2024\/12\/ICG-Bullion-min.png?w=815 815w, https:\/\/saucal.com\/wp-content\/uploads\/sites\/2\/2024\/12\/ICG-Bullion-min.png?w=300 300w, https:\/\/saucal.com\/wp-content\/uploads\/sites\/2\/2024\/12\/ICG-Bullion-min.png?w=768 768w, https:\/\/saucal.com\/wp-content\/uploads\/sites\/2\/2024\/12\/ICG-Bullion-min.png?w=18 18w\" sizes=\"auto, (max-width: 815px) 100vw, 815px\" \/><\/figure>\n\n\n<div class=\"wp-block-columns real-word-win__hover has-mercury-background-color has-background is-layout-flex wp-container-core-columns-is-layout-d8458155 wp-block-columns-is-layout-flex\" style=\"margin-top:0px;margin-bottom:0px;padding-top:0rem;padding-right:0rem;padding-bottom:0rem;padding-left:0rem\">\n<div class=\"wp-block-column real-word-win__inner-content is-layout-flow wp-container-core-column-is-layout-c79ff389 wp-block-column-is-layout-flow\" style=\"padding-top:1.75rem;padding-right:1.38rem;padding-bottom:0rem;padding-left:1.38rem\"><div style=\"font-style:normal;font-weight:300;line-height:1.5;\" class=\"wp-block-post-excerpt has-article-title-light-font-size has-inter-font-family\"><p class=\"wp-block-post-excerpt__excerpt\">How we transformed ICG Bullion&#8217;s online store with custom functionality,&hellip; <\/p><\/div>\n\n\n<div class=\"wp-block-group is-nowrap is-layout-flex wp-container-core-group-is-layout-f43fd0e4 wp-block-group-is-layout-flex\" style=\"margin-top:3.63rem;margin-bottom:0px;padding-top:0px;padding-right:0px;padding-bottom:1.25rem;padding-left:0px\"><a style=\"font-size:1rem;font-style:normal;font-weight:600;line-height:1.3;text-decoration:none;\" class=\"read-more read-more-icon wp-elements-e10992579d353cc053a947421b8fa7ef wp-block-read-more has-text-color has-black-color has-inter-font-family\" href=\"https:\/\/saucal.com\/es\/caso-de-estudio\/icg-bullion\/\" target=\"_self\">Seguir leyendo<span class=\"screen-reader-text\">: ICG Bullion<\/span><\/a><\/div>\n<\/div>\n<\/div>\n\n<\/li><li class=\"wp-block-post post-24086 case-study type-case-study status-publish has-post-thumbnail hentry industry-type-online-courses business-type-memberships service-type-woocommerce-experts\">\n<figure style=\"aspect-ratio:auto; padding-top:0px;padding-bottom:0px;padding-left:0px;padding-right:0px;margin-top:0px;margin-bottom:0px;margin-left:0px;margin-right:0px;\" class=\"wp-block-post-featured-image\"><img data-recalc-dims=\"1\" loading=\"lazy\" decoding=\"async\" width=\"815\" height=\"483\" src=\"https:\/\/saucal.com\/wp-content\/uploads\/sites\/2\/2024\/11\/Case-study-hero-825x483-Open-studio-min.png?resize=815%2C483\" class=\"attachment-post-thumbnail size-post-thumbnail wp-post-image\" alt=\"Estudio abierto de jazz\" style=\"width:100%;height:100%;object-fit:cover;\" srcset=\"https:\/\/saucal.com\/wp-content\/uploads\/sites\/2\/2024\/11\/Case-study-hero-825x483-Open-studio-min.png?w=815 815w, https:\/\/saucal.com\/wp-content\/uploads\/sites\/2\/2024\/11\/Case-study-hero-825x483-Open-studio-min.png?w=300 300w, https:\/\/saucal.com\/wp-content\/uploads\/sites\/2\/2024\/11\/Case-study-hero-825x483-Open-studio-min.png?w=768 768w, https:\/\/saucal.com\/wp-content\/uploads\/sites\/2\/2024\/11\/Case-study-hero-825x483-Open-studio-min.png?w=18 18w\" sizes=\"auto, (max-width: 815px) 100vw, 815px\" \/><\/figure>\n\n\n<div class=\"wp-block-columns real-word-win__hover has-mercury-background-color has-background is-layout-flex wp-container-core-columns-is-layout-d8458155 wp-block-columns-is-layout-flex\" style=\"margin-top:0px;margin-bottom:0px;padding-top:0rem;padding-right:0rem;padding-bottom:0rem;padding-left:0rem\">\n<div class=\"wp-block-column real-word-win__inner-content is-layout-flow wp-container-core-column-is-layout-c79ff389 wp-block-column-is-layout-flow\" style=\"padding-top:1.75rem;padding-right:1.38rem;padding-bottom:0rem;padding-left:1.38rem\"><div style=\"font-style:normal;font-weight:300;line-height:1.5;\" class=\"wp-block-post-excerpt has-article-title-light-font-size has-inter-font-family\"><p class=\"wp-block-post-excerpt__excerpt\">Discover how we migrated Open Studio&#8217;s entire business with zero&hellip; <\/p><\/div>\n\n\n<div class=\"wp-block-group is-nowrap is-layout-flex wp-container-core-group-is-layout-f43fd0e4 wp-block-group-is-layout-flex\" style=\"margin-top:3.63rem;margin-bottom:0px;padding-top:0px;padding-right:0px;padding-bottom:1.25rem;padding-left:0px\"><a style=\"font-size:1rem;font-style:normal;font-weight:600;line-height:1.3;text-decoration:none;\" class=\"read-more read-more-icon wp-elements-e10992579d353cc053a947421b8fa7ef wp-block-read-more has-text-color has-black-color has-inter-font-family\" href=\"https:\/\/saucal.com\/es\/caso-de-estudio\/open-studio\/\" target=\"_self\">Seguir leyendo<span class=\"screen-reader-text\">: Open Studio<\/span><\/a><\/div>\n<\/div>\n<\/div>\n\n<\/li><\/ul><\/div>\n<\/div><\/div>\n\n<\/div><\/div>","protected":false},"excerpt":{"rendered":"<p>Thanks for filling out the form. You can&nbsp;download&nbsp;our free Black Friday checklist. Also why not have a look through our client case studies? It&#8217;s where our work does the talking.<\/p>","protected":false},"author":17,"featured_media":0,"parent":0,"menu_order":0,"comment_status":"closed","ping_status":"closed","template":"","meta":{"_acf_changed":false,"content-type":"","footnotes":""},"class_list":["post-6283","page","type-page","status-publish","hentry"],"acf":[],"yoast_head":"<!-- This site is optimized with the Yoast SEO Premium plugin v21.6 (Yoast SEO v27.1.1) - https:\/\/yoast.com\/product\/yoast-seo-premium-wordpress\/ -->\n<title>Thank You - download the Website Migration Guide - Saucal<\/title>\n<meta name=\"description\" content=\"Thank you for contacting us. We will be in touch shortly. In the mean time, you can always holla at us: yo@saucal.com. ;)\" \/>\n<meta name=\"robots\" content=\"index, follow, max-snippet:-1, max-image-preview:large, max-video-preview:-1\" \/>\n<link rel=\"canonical\" href=\"https:\/\/saucal.com\/es\/descargar-la-guia-de-migracion-de-sitios-web\/\" \/>\n<meta property=\"og:locale\" content=\"es_ES\" \/>\n<meta property=\"og:type\" content=\"article\" \/>\n<meta property=\"og:title\" content=\"Thank You - download the Website Migration Guide\" \/>\n<meta property=\"og:description\" content=\"Thank you for contacting us. We will be in touch shortly. In the mean time, you can always holla at us: yo@saucal.com. ;)\" \/>\n<meta property=\"og:url\" content=\"https:\/\/saucal.com\/es\/descargar-la-guia-de-migracion-de-sitios-web\/\" \/>\n<meta property=\"og:site_name\" content=\"Saucal\" \/>\n<meta property=\"article:publisher\" content=\"https:\/\/www.facebook.com\/Saucal\/\" \/>\n<meta property=\"article:modified_time\" content=\"2024-10-17T08:59:43+00:00\" \/>\n<meta property=\"og:image\" content=\"https:\/\/saucal.com\/wp-content\/uploads\/sites\/2\/2024\/10\/Page-promo-image-HP.png?fit=1200%2C630\" \/>\n\t<meta property=\"og:image:width\" content=\"1200\" \/>\n\t<meta property=\"og:image:height\" content=\"630\" \/>\n\t<meta property=\"og:image:type\" content=\"image\/png\" \/>\n<meta name=\"twitter:card\" content=\"summary_large_image\" \/>\n<meta name=\"twitter:site\" content=\"@Saucal\" \/>\n<meta name=\"twitter:label1\" content=\"Est. reading time\" \/>\n\t<meta name=\"twitter:data1\" content=\"1 minute\" \/>\n<script type=\"application\/ld+json\" class=\"yoast-schema-graph\">{\"@context\":\"https:\/\/schema.org\",\"@graph\":[{\"@type\":\"WebPage\",\"@id\":\"https:\/\/saucal.com\/download-website-migration-guide\/\",\"url\":\"https:\/\/saucal.com\/download-website-migration-guide\/\",\"name\":\"Thank You - download the Website Migration Guide - Saucal\",\"isPartOf\":{\"@id\":\"https:\/\/saucal.com\/#website\"},\"datePublished\":\"2021-07-06T14:03:54+00:00\",\"dateModified\":\"2024-10-17T08:59:43+00:00\",\"description\":\"Thank you for contacting us. We will be in touch shortly. In the mean time, you can always holla at us: yo@saucal.com. ;)\",\"breadcrumb\":{\"@id\":\"https:\/\/saucal.com\/download-website-migration-guide\/#breadcrumb\"},\"inLanguage\":\"es-ES\",\"potentialAction\":[{\"@type\":\"ReadAction\",\"target\":[\"https:\/\/saucal.com\/download-website-migration-guide\/\"]}]},{\"@type\":\"BreadcrumbList\",\"@id\":\"https:\/\/saucal.com\/download-website-migration-guide\/#breadcrumb\",\"itemListElement\":[{\"@type\":\"ListItem\",\"position\":1,\"name\":\"Home\",\"item\":\"https:\/\/saucal.com\/\"},{\"@type\":\"ListItem\",\"position\":2,\"name\":\"Thank You &#8211; download the Website Migration Guide\"}]},{\"@type\":\"WebSite\",\"@id\":\"https:\/\/saucal.com\/#website\",\"url\":\"https:\/\/saucal.com\/\",\"name\":\"Saucal\",\"description\":\"Your eCommerce Architechs\",\"publisher\":{\"@id\":\"https:\/\/saucal.com\/#organization\"},\"potentialAction\":[{\"@type\":\"SearchAction\",\"target\":{\"@type\":\"EntryPoint\",\"urlTemplate\":\"https:\/\/saucal.com\/?s={search_term_string}\"},\"query-input\":{\"@type\":\"PropertyValueSpecification\",\"valueRequired\":true,\"valueName\":\"search_term_string\"}}],\"inLanguage\":\"es-ES\"},{\"@type\":\"Organization\",\"@id\":\"https:\/\/saucal.com\/#organization\",\"name\":\"Saucal\",\"url\":\"https:\/\/saucal.com\/\",\"logo\":{\"@type\":\"ImageObject\",\"inLanguage\":\"es-ES\",\"@id\":\"https:\/\/saucal.com\/#\/schema\/logo\/image\/\",\"url\":\"https:\/\/saucal.com\/wp-content\/uploads\/sites\/2\/2024\/10\/saucal-logo.svg\",\"contentUrl\":\"https:\/\/saucal.com\/wp-content\/uploads\/sites\/2\/2024\/10\/saucal-logo.svg\",\"width\":75,\"height\":75,\"caption\":\"Saucal\"},\"image\":{\"@id\":\"https:\/\/saucal.com\/#\/schema\/logo\/image\/\"},\"sameAs\":[\"https:\/\/www.facebook.com\/Saucal\/\",\"https:\/\/x.com\/Saucal\",\"https:\/\/www.linkedin.com\/company\/1984234\/\",\"https:\/\/www.instagram.com\/saucal\/\"]}]}<\/script>\n<!-- \/ Yoast SEO Premium plugin. -->","yoast_head_json":{"title":"Gracias - descargue la Gu\u00eda de migraci\u00f3n de sitios web - Saucal","description":"Gracias por ponerse en contacto con nosotros. En breve nos pondremos en contacto con usted. Mientras tanto, siempre puedes saludarnos: yo@saucal.com. ;)","robots":{"index":"index","follow":"follow","max-snippet":"max-snippet:-1","max-image-preview":"max-image-preview:large","max-video-preview":"max-video-preview:-1"},"canonical":"https:\/\/saucal.com\/es\/descargar-la-guia-de-migracion-de-sitios-web\/","og_locale":"es_ES","og_type":"article","og_title":"Thank You - download the Website Migration Guide","og_description":"Thank you for contacting us. We will be in touch shortly. In the mean time, you can always holla at us: yo@saucal.com. ;)","og_url":"https:\/\/saucal.com\/es\/descargar-la-guia-de-migracion-de-sitios-web\/","og_site_name":"Saucal","article_publisher":"https:\/\/www.facebook.com\/Saucal\/","article_modified_time":"2024-10-17T08:59:43+00:00","og_image":[{"width":1200,"height":630,"url":"https:\/\/saucal.com\/wp-content\/uploads\/sites\/2\/2024\/10\/Page-promo-image-HP.png?fit=1200%2C630","type":"image\/png"}],"twitter_card":"summary_large_image","twitter_site":"@Saucal","twitter_misc":{"Est. reading time":"1 minute"},"schema":{"@context":"https:\/\/schema.org","@graph":[{"@type":"WebPage","@id":"https:\/\/saucal.com\/download-website-migration-guide\/","url":"https:\/\/saucal.com\/download-website-migration-guide\/","name":"Gracias - descargue la Gu\u00eda de migraci\u00f3n de sitios web - Saucal","isPartOf":{"@id":"https:\/\/saucal.com\/#website"},"datePublished":"2021-07-06T14:03:54+00:00","dateModified":"2024-10-17T08:59:43+00:00","description":"Gracias por ponerse en contacto con nosotros. En breve nos pondremos en contacto con usted. Mientras tanto, siempre puedes saludarnos: yo@saucal.com. ;)","breadcrumb":{"@id":"https:\/\/saucal.com\/download-website-migration-guide\/#breadcrumb"},"inLanguage":"es-ES","potentialAction":[{"@type":"ReadAction","target":["https:\/\/saucal.com\/download-website-migration-guide\/"]}]},{"@type":"BreadcrumbList","@id":"https:\/\/saucal.com\/download-website-migration-guide\/#breadcrumb","itemListElement":[{"@type":"ListItem","position":1,"name":"Home","item":"https:\/\/saucal.com\/"},{"@type":"ListItem","position":2,"name":"Thank You &#8211; download the Website Migration Guide"}]},{"@type":"WebSite","@id":"https:\/\/saucal.com\/#website","url":"https:\/\/saucal.com\/","name":"Saucal","description":"Sus arquitectos de comercio electr\u00f3nico","publisher":{"@id":"https:\/\/saucal.com\/#organization"},"potentialAction":[{"@type":"SearchAction","target":{"@type":"EntryPoint","urlTemplate":"https:\/\/saucal.com\/?s={search_term_string}"},"query-input":{"@type":"PropertyValueSpecification","valueRequired":true,"valueName":"search_term_string"}}],"inLanguage":"es-ES"},{"@type":"Organization","@id":"https:\/\/saucal.com\/#organization","name":"Saucal","url":"https:\/\/saucal.com\/","logo":{"@type":"ImageObject","inLanguage":"es-ES","@id":"https:\/\/saucal.com\/#\/schema\/logo\/image\/","url":"https:\/\/saucal.com\/wp-content\/uploads\/sites\/2\/2024\/10\/saucal-logo.svg","contentUrl":"https:\/\/saucal.com\/wp-content\/uploads\/sites\/2\/2024\/10\/saucal-logo.svg","width":75,"height":75,"caption":"Saucal"},"image":{"@id":"https:\/\/saucal.com\/#\/schema\/logo\/image\/"},"sameAs":["https:\/\/www.facebook.com\/Saucal\/","https:\/\/x.com\/Saucal","https:\/\/www.linkedin.com\/company\/1984234\/","https:\/\/www.instagram.com\/saucal\/"]}]}},"get_sub_heading":"","get_post_reading_time":"\t\t<div id=\"reading_6283\" class=\"post-reading-time\">\n\t\t\t<p class=\"post-reading-time__text\">1 Min Read<\/p>\n\t\t<\/div>\n\t\t","jetpack_sharing_enabled":true,"_links":{"self":[{"href":"https:\/\/saucal.com\/es\/wp-json\/wp\/v2\/pages\/6283","targetHints":{"allow":["GET"]}}],"collection":[{"href":"https:\/\/saucal.com\/es\/wp-json\/wp\/v2\/pages"}],"about":[{"href":"https:\/\/saucal.com\/es\/wp-json\/wp\/v2\/types\/page"}],"author":[{"embeddable":true,"href":"https:\/\/saucal.com\/es\/wp-json\/wp\/v2\/users\/17"}],"replies":[{"embeddable":true,"href":"https:\/\/saucal.com\/es\/wp-json\/wp\/v2\/comments?post=6283"}],"version-history":[{"count":1,"href":"https:\/\/saucal.com\/es\/wp-json\/wp\/v2\/pages\/6283\/revisions"}],"predecessor-version":[{"id":23936,"href":"https:\/\/saucal.com\/es\/wp-json\/wp\/v2\/pages\/6283\/revisions\/23936"}],"wp:attachment":[{"href":"https:\/\/saucal.com\/es\/wp-json\/wp\/v2\/media?parent=6283"}],"curies":[{"name":"wp","href":"https:\/\/api.w.org\/{rel}","templated":true}]}}